{"id":21,"date":"2024-05-08T20:17:51","date_gmt":"2024-05-08T18:17:51","guid":{"rendered":"https:\/\/gio-med.pl\/?page_id=21"},"modified":"2024-05-10T19:27:23","modified_gmt":"2024-05-10T17:27:23","slug":"rehabilitacja","status":"publish","type":"page","link":"https:\/\/gio-med.pl\/?page_id=21","title":{"rendered":"Rehabilitacja"},"content":{"rendered":"\n<hr class=\"wp-block-separator has-alpha-channel-opacity\"\/>\n\n\n\n<h2 class=\"wp-block-heading\"> Rehabilitacja dzieci\u0119ca (niemowl\u0119ta):<\/h2>\n\n\n\n<hr class=\"wp-block-separator has-alpha-channel-opacity\"\/>\n\n\n\n<p><\/p>\n\n\n\n<p> <strong><mark style=\"background-color:rgba(0, 0, 0, 0)\" class=\"has-inline-color has-blue-color\">Interwencja wczesnorozwojowa<\/mark><\/strong> &#8211; specjalistyczna opieka skierowana do niemowl\u0105t i ma\u0142ych dzieci maj\u0105ca na celu wsparcie ich rozwoju fizycznego, emocjonalnego i spo\u0142ecznego. Obejmuje r\u00f3\u017cnorodne terapie i \u0107wiczenia maj\u0105ce na celu popraw\u0119 funkcji ruchowych i rozw\u00f3j umiej\u0119tno\u015bci komunikacyjnych.<\/p>\n\n\n\n<p> <strong><mark style=\"background-color:rgba(0, 0, 0, 0)\" class=\"has-inline-color has-blue-color\">Wzmo\u017cone napi\u0119cia mi\u0119\u015bniowe<\/mark><\/strong> \u2013 stan, w kt\u00f3rym mi\u0119\u015bnie s\u0105 napi\u0119te i sztywne, co mo\u017ce prowadzi\u0107 do dyskomfortu, ogranicze\u0144 ruchu i problem\u00f3w z postaw\u0105. Terapia skupia si\u0119 na rozlu\u017anieniu mi\u0119\u015bni, poprawie elastyczno\u015bci i przywr\u00f3ceniu r\u00f3wnowagi mi\u0119\u015bniowej.<\/p>\n\n\n\n<p><strong><mark style=\"background-color:rgba(0, 0, 0, 0)\" class=\"has-inline-color has-blue-color\">Obni\u017cone napi\u0119cia mi\u0119\u015bniowe<\/mark><\/strong> \u2013 stan, w kt\u00f3rym mi\u0119\u015bnie s\u0105 os\u0142abione i maj\u0105 ograniczon\u0105 si\u0142\u0119, co mo\u017ce prowadzi\u0107 do problem\u00f3w z kontrol\u0105 ruchu i stabilno\u015bci\u0105 cia\u0142a. Terapia ma na celu wzmocnienie mi\u0119\u015bni, popraw\u0119 ich funkcji oraz przywr\u00f3cenie odpowiedniego napi\u0119cia mi\u0119\u015bniowego.<\/p>\n\n\n\n<p><strong><mark style=\"background-color:rgba(0, 0, 0, 0)\" class=\"has-inline-color has-blue-color\">Stopy ko\u015blawe<\/mark><\/strong> \u2013 zniekszta\u0142cenie st\u00f3p, gdzie stopa odchyla si\u0119 na zewn\u0105trz, co mo\u017ce prowadzi\u0107 do dyskomfortu, b\u00f3lu i problem\u00f3w z chodem. Terapia skupia si\u0119 na korekcji postawy stopy, wzmacnianiu mi\u0119\u015bni oraz poprawie stabilno\u015bci i r\u00f3wnowagi. Asymetria \u2013 nier\u00f3wno\u015b\u0107 lub brak symetrii w budowie cia\u0142a, co mo\u017ce prowadzi\u0107 do problem\u00f3w z postaw\u0105, funkcj\u0105 mi\u0119\u015bniow\u0105 i r\u00f3wnowag\u0105. Terapia skupia si\u0119 na identyfikacji i korygowaniu nier\u00f3wno\u015bci poprzez odpowiednie \u0107wiczenia, terapi\u0119 manualn\u0105 i inne techniki, aby przywr\u00f3ci\u0107 r\u00f3wnowag\u0119 i funkcjonalno\u015b\u0107 cia\u0142a.<\/p>\n\n\n\n<p><strong><mark style=\"background-color:rgba(0, 0, 0, 0)\" class=\"has-inline-color has-blue-color\">Masa\u017c Shantal<\/mark><\/strong> \u2013 specjalistyczna technika masa\u017cu, kt\u00f3ra skupia si\u0119 na r\u00f3wnowa\u017ceniu energii \u017cyciowej poprzez delikatne manipulacje cia\u0142a, stymulacj\u0119 punkt\u00f3w akupresu i harmonizacj\u0119 uk\u0142adu nerwowego. Jest to holistyczne do\u015bwiadczenie, kt\u00f3re pomaga w redukcji stresu, poprawie samopoczucia i przywr\u00f3ceniu r\u00f3wnowagi cia\u0142a i umys\u0142u.<\/p>\n\n\n\n<p><\/p>\n\n\n\n<hr class=\"wp-block-separator has-alpha-channel-opacity\"\/>\n\n\n\n<h2 class=\"wp-block-heading\">Rehabilitacja dzieci\u0119ca (dzieci 2 -18 lat):<\/h2>\n\n\n\n<hr class=\"wp-block-separator has-alpha-channel-opacity\"\/>\n\n\n\n<p><\/p>\n\n\n\n<p><strong><mark style=\"background-color:rgba(0, 0, 0, 0)\" class=\"has-inline-color has-blue-color\">Terapia metod\u0105 \u201eWojty\u201d<\/mark><\/strong> \u2013 pecjalistyczna terapia skierowana do dzieci z zaburzeniami ruchowymi, oparta na stymulacji okre\u015blonych receptor\u00f3w nerwowych. Terapia \u201eWojty\u201d ma na celu popraw\u0119 funkcji motorycznych poprzez aktywacj\u0119 naturalnych mechanizm\u00f3w regulacji ruchu. Jest skuteczna w leczeniu r\u00f3\u017cnych zaburze\u0144 rozwojowych i neurologicznych.<\/p>\n\n\n\n<p><strong><mark style=\"background-color:rgba(0, 0, 0, 0)\" class=\"has-inline-color has-blue-color\">Terapia metoda \u201ePeto\u201d<\/mark><\/strong> \u2013 holistyczna terapia oparta na zasadach neurorehabilitacji, skierowana do os\u00f3b z zaburzeniami ruchu, takimi jak pora\u017cenie m\u00f3zgowe. Metoda \u201ePeto\u201d k\u0142adzie nacisk na rozw\u00f3j funkcji ruchowych poprzez intensywny trening fizyczny, terapi\u0119 manualn\u0105 i stymulacj\u0119 sensoryczn\u0105. Jest to kompleksowe podej\u015bcie do rehabilitacji.<\/p>\n\n\n\n<p><strong><mark style=\"background-color:rgba(0, 0, 0, 0)\" class=\"has-inline-color has-blue-color\">Korekcja skolioz <\/mark><\/strong>\u2013 proces korygowania bocznego skrzywienia kr\u0119gos\u0142upa, kt\u00f3ry mo\u017ce prowadzi\u0107 do zaburze\u0144 postawy, dyskomfortu i ogranicze\u0144 ruchowych. Terapia skolioz polega na stosowaniu r\u00f3\u017cnorodnych technik fizycznych, \u0107wicze\u0144 wzmacniaj\u0105cych oraz noszeniu specjalistycznych aparat\u00f3w korekcyjnych w celu poprawy r\u00f3wnowagi mi\u0119\u015bniowej i stabilizacji kr\u0119gos\u0142upa.<\/p>\n\n\n\n<p><strong><mark style=\"background-color:rgba(0, 0, 0, 0)\" class=\"has-inline-color has-blue-color\">Korekcja p\u0142askostopi <\/mark><\/strong>\u2013 zabieg maj\u0105cy na celu popraw\u0119 struktury stopy i unormowanie jej \u0142uk\u00f3w pod\u0142u\u017cnego i poprzecznego. Korekcja p\u0142askostopii obejmuje \u0107wiczenia wzmacniaj\u0105ce mi\u0119\u015bnie st\u00f3p, terapi\u0119 manualn\u0105, noszenie odpowiedniego obuwia ortopedycznego i wk\u0142adek ortopedycznych, oraz w niekt\u00f3rych przypadkach, zabiegi chirurgiczne.<\/p>\n\n\n\n<p><strong><mark style=\"background-color:rgba(0, 0, 0, 0)\" class=\"has-inline-color has-blue-color\">Napi\u0119cia mi\u0119\u015bniowe<\/mark><\/strong> \u2013 stan, w kt\u00f3rym mi\u0119\u015bnie s\u0105 napi\u0119te i sztywne, co mo\u017ce prowadzi\u0107 do dyskomfortu, ogranicze\u0144 ruchu i problem\u00f3w z postaw\u0105. Terapia napi\u0119\u0107 mi\u0119\u015bniowych skupia si\u0119 na rozlu\u017anieniu mi\u0119\u015bni, poprawie elastyczno\u015bci i przywr\u00f3ceniu r\u00f3wnowagi mi\u0119\u015bniowej poprzez r\u00f3\u017cnorodne techniki masa\u017cu, stretching oraz \u0107wiczenia wzmacniaj\u0105ce.<\/p>\n\n\n\n<p><\/p>\n\n\n\n<hr class=\"wp-block-separator has-alpha-channel-opacity\"\/>\n\n\n\n<h2 class=\"wp-block-heading\">Rehabilitacja pourazowa: <\/h2>\n\n\n\n<hr class=\"wp-block-separator has-alpha-channel-opacity\"\/>\n\n\n\n<figure class=\"wp-block-image size-large\"><img loading=\"lazy\" decoding=\"async\" width=\"1024\" height=\"683\" src=\"https:\/\/gio-med.pl\/wp-content\/uploads\/2024\/05\/thumbnail_IMG_2396-1024x683.jpg\" alt=\"\" class=\"wp-image-139\" srcset=\"https:\/\/gio-med.pl\/wp-content\/uploads\/2024\/05\/thumbnail_IMG_2396-1024x683.jpg 1024w, https:\/\/gio-med.pl\/wp-content\/uploads\/2024\/05\/thumbnail_IMG_2396-300x200.jpg 300w, https:\/\/gio-med.pl\/wp-content\/uploads\/2024\/05\/thumbnail_IMG_2396-768x512.jpg 768w, https:\/\/gio-med.pl\/wp-content\/uploads\/2024\/05\/thumbnail_IMG_2396.jpg 1470w\" sizes=\"auto, (max-width: 1024px) 100vw, 1024px\" \/><\/figure>\n","protected":false},"excerpt":{"rendered":"<p>Rehabilitacja dzieci\u0119ca (niemowl\u0119ta): Interwencja wczesnorozwojowa &#8211; specjalistyczna opieka skierowana do niemowl\u0105t i ma\u0142ych dzieci maj\u0105ca&hellip;<\/p>\n","protected":false},"author":1,"featured_media":0,"parent":0,"menu_order":0,"comment_status":"closed","ping_status":"closed","template":"","meta":{"footnotes":""},"class_list":["post-21","page","type-page","status-publish","hentry"],"_links":{"self":[{"href":"https:\/\/gio-med.pl\/index.php?rest_route=\/wp\/v2\/pages\/21","targetHints":{"allow":["GET"]}}],"collection":[{"href":"https:\/\/gio-med.pl\/index.php?rest_route=\/wp\/v2\/pages"}],"about":[{"href":"https:\/\/gio-med.pl\/index.php?rest_route=\/wp\/v2\/types\/page"}],"author":[{"embeddable":true,"href":"https:\/\/gio-med.pl\/index.php?rest_route=\/wp\/v2\/users\/1"}],"replies":[{"embeddable":true,"href":"https:\/\/gio-med.pl\/index.php?rest_route=%2Fwp%2Fv2%2Fcomments&post=21"}],"version-history":[{"count":14,"href":"https:\/\/gio-med.pl\/index.php?rest_route=\/wp\/v2\/pages\/21\/revisions"}],"predecessor-version":[{"id":140,"href":"https:\/\/gio-med.pl\/index.php?rest_route=\/wp\/v2\/pages\/21\/revisions\/140"}],"wp:attachment":[{"href":"https:\/\/gio-med.pl\/index.php?rest_route=%2Fwp%2Fv2%2Fmedia&parent=21"}],"curies":[{"name":"wp","href":"https:\/\/api.w.org\/{rel}","templated":true}]}}