{"id":22,"date":"2024-05-08T20:17:51","date_gmt":"2024-05-08T18:17:51","guid":{"rendered":"https:\/\/gio-med.pl\/?page_id=22"},"modified":"2024-05-09T00:36:49","modified_gmt":"2024-05-08T22:36:49","slug":"fizykoterapia","status":"publish","type":"page","link":"https:\/\/gio-med.pl\/?page_id=22","title":{"rendered":"Fizykoterapia"},"content":{"rendered":"\n<hr class=\"wp-block-separator has-alpha-channel-opacity is-style-wide\"\/>\n\n\n\n<h2 class=\"wp-block-heading\">Fizykoterapia:<\/h2>\n\n\n\n<hr class=\"wp-block-separator has-alpha-channel-opacity\"\/>\n\n\n\n<p> <strong><mark style=\"background-color:rgba(0, 0, 0, 0)\" class=\"has-inline-color has-blue-color\">Jonoforeza<\/mark><\/strong> \u2013 terapia wykorzystuj\u0105ca pr\u0105d galwaniczny do wprowadzania lek\u00f3w lub substancji leczniczych przez sk\u00f3r\u0119. Dzia\u0142a przeciwb\u00f3lowo, przeciwzapalnie i przeciwobrz\u0119kowo, wspomagaj\u0105c procesy regeneracji tkanek. Idealna dla os\u00f3b z dolegliwo\u015bciami mi\u0119\u015bniowo-szkieletowymi.<\/p>\n\n\n\n<p><strong><mark style=\"background-color:rgba(0, 0, 0, 0)\" class=\"has-inline-color has-blue-color\">Ultrad\u017awi\u0119ki<\/mark><\/strong> \u2013 nieinwazyjna terapia, kt\u00f3ra wykorzystuje fale ultrad\u017awi\u0119kowe do g\u0142\u0119bokiego ogrzewania tkanek. Pomaga w redukcji b\u00f3lu, zwi\u0119ksza elastyczno\u015b\u0107 tkanek, poprawia kr\u0105\u017cenie krwi i przyspiesza proces gojenia si\u0119. Jest skuteczna w leczeniu kontuzji sportowych i schorze\u0144 mi\u0119\u015bniowo-szkieletowych.<\/p>\n\n\n\n<p><strong><mark style=\"background-color:rgba(0, 0, 0, 0)\" class=\"has-inline-color has-blue-color\">Krioterapia miejscowa<\/mark><\/strong> \u2013 terapia polegaj\u0105ca na stosowaniu zimna w celu zmniejszenia b\u00f3lu i stan\u00f3w zapalnych w okre\u015blonym obszarze cia\u0142a. Dzia\u0142a przeciwb\u00f3lowo, przeciwobrz\u0119kowo i przeciwzapalnie, poprawiaj\u0105c komfort pacjenta oraz wspomagaj\u0105c regeneracj\u0119 tkanek.<\/p>\n\n\n\n<p><strong><mark style=\"background-color:rgba(0, 0, 0, 0)\" class=\"has-inline-color has-blue-color\">Magnetoterapia<\/mark><\/strong> \u2013 terapia wykorzystuj\u0105ca pole magnetyczne do \u0142agodzenia b\u00f3lu, przyspieszania gojenia si\u0119 ran oraz redukcji stan\u00f3w zapalnych. Wspomaga procesy naprawcze w organizmie, poprawiaj\u0105c kr\u0105\u017cenie krwi i stymuluj\u0105c regeneracj\u0119 tkanek.<\/p>\n\n\n\n<p><strong><mark style=\"background-color:rgba(0, 0, 0, 0)\" class=\"has-inline-color has-blue-color\">Laser<\/mark><\/strong> \u2013 metoda terapeutyczna wykorzystuj\u0105ca promieniowanie laserowe do leczenia r\u00f3\u017cnorodnych schorze\u0144. Dzia\u0142a przeciwb\u00f3lowo, przeciwzapalnie i przyspiesza proces gojenia si\u0119 poprzez stymulacj\u0119 proces\u00f3w naprawczych w tkankach. Skuteczny w terapii b\u00f3lu, uraz\u00f3w i stan\u00f3w zapalnych.<\/p>\n\n\n\n<p><strong><mark style=\"background-color:rgba(0, 0, 0, 0)\" class=\"has-inline-color has-blue-color\">Pr\u0105dy diadynamiczne<\/mark><\/strong> \u2013 Terapia polegaj\u0105ca na stosowaniu pr\u0105d\u00f3w elektrycznych o zmiennej cz\u0119stotliwo\u015bci i amplitudzie do \u0142agodzenia b\u00f3lu, redukcji stan\u00f3w zapalnych oraz poprawy kr\u0105\u017cenia krwi. Dzia\u0142a przeciwb\u00f3lowo, relaksuj\u0105co i wspomaga procesy regeneracji tkanek. Skuteczny w terapii przewlek\u0142ego b\u00f3lu i stan\u00f3w zapalnych.<\/p>\n\n\n\n<p><strong><mark style=\"background-color:rgba(0, 0, 0, 0)\" class=\"has-inline-color has-blue-color\">Kinesiotaping <\/mark><\/strong>\u2013 to innowacyjna metoda terapeutyczna, wykorzystuj\u0105ca elastyczne ta\u015bmy, kt\u00f3re pomagaj\u0105 poprawi\u0107 funkcj\u0119 mi\u0119\u015bni, zmniejszy\u0107 b\u00f3l i wspiera\u0107 gojenie si\u0119 cia\u0142a. Ta prozdrowotna forma terapii mo\u017ce by\u0107 u\u017cywana do poprawy postawy, zmniejszania napi\u0119cia mi\u0119\u015bniowego oraz przyspieszenia rekonwalescencji po kontuzjach przeci\u0105\u017ceniowych.<\/p>\n\n\n\n<figure class=\"wp-block-image size-large\"><img loading=\"lazy\" decoding=\"async\" width=\"1024\" height=\"683\" src=\"https:\/\/gio-med.pl\/wp-content\/uploads\/2024\/05\/thumbnail_IMG_2364-1024x683.jpg\" alt=\"\" class=\"wp-image-52\" srcset=\"https:\/\/gio-med.pl\/wp-content\/uploads\/2024\/05\/thumbnail_IMG_2364-1024x683.jpg 1024w, https:\/\/gio-med.pl\/wp-content\/uploads\/2024\/05\/thumbnail_IMG_2364-300x200.jpg 300w, https:\/\/gio-med.pl\/wp-content\/uploads\/2024\/05\/thumbnail_IMG_2364-768x512.jpg 768w, https:\/\/gio-med.pl\/wp-content\/uploads\/2024\/05\/thumbnail_IMG_2364.jpg 1200w\" sizes=\"auto, (max-width: 1024px) 100vw, 1024px\" \/><\/figure>\n","protected":false},"excerpt":{"rendered":"<p>Fizykoterapia: Jonoforeza \u2013 terapia wykorzystuj\u0105ca pr\u0105d galwaniczny do wprowadzania lek\u00f3w lub substancji leczniczych przez sk\u00f3r\u0119.&hellip;<\/p>\n","protected":false},"author":1,"featured_media":0,"parent":0,"menu_order":0,"comment_status":"closed","ping_status":"closed","template":"","meta":{"footnotes":""},"class_list":["post-22","page","type-page","status-publish","hentry"],"_links":{"self":[{"href":"https:\/\/gio-med.pl\/index.php?rest_route=\/wp\/v2\/pages\/22","targetHints":{"allow":["GET"]}}],"collection":[{"href":"https:\/\/gio-med.pl\/index.php?rest_route=\/wp\/v2\/pages"}],"about":[{"href":"https:\/\/gio-med.pl\/index.php?rest_route=\/wp\/v2\/types\/page"}],"author":[{"embeddable":true,"href":"https:\/\/gio-med.pl\/index.php?rest_route=\/wp\/v2\/users\/1"}],"replies":[{"embeddable":true,"href":"https:\/\/gio-med.pl\/index.php?rest_route=%2Fwp%2Fv2%2Fcomments&post=22"}],"version-history":[{"count":6,"href":"https:\/\/gio-med.pl\/index.php?rest_route=\/wp\/v2\/pages\/22\/revisions"}],"predecessor-version":[{"id":114,"href":"https:\/\/gio-med.pl\/index.php?rest_route=\/wp\/v2\/pages\/22\/revisions\/114"}],"wp:attachment":[{"href":"https:\/\/gio-med.pl\/index.php?rest_route=%2Fwp%2Fv2%2Fmedia&parent=22"}],"curies":[{"name":"wp","href":"https:\/\/api.w.org\/{rel}","templated":true}]}}