{"id":76,"date":"2024-05-08T22:08:28","date_gmt":"2024-05-08T20:08:28","guid":{"rendered":"https:\/\/gio-med.pl\/?page_id=76"},"modified":"2024-07-30T09:44:51","modified_gmt":"2024-07-30T07:44:51","slug":"wpisy","status":"publish","type":"page","link":"https:\/\/gio-med.pl\/","title":{"rendered":"Wsp\u00f3\u0142praca ze \u201eStowarzyszenie na Rzecz Os\u00f3b Niepe\u0142nosprawnych Dla Ciebie\u201d"},"content":{"rendered":"\n<div style=\"height:100px\" aria-hidden=\"true\" class=\"wp-block-spacer\"><\/div>\n\n\n\n<blockquote class=\"wp-block-quote is-layout-flow wp-block-quote-is-layout-flow\">\n<p>Je\u015bli szukasz profesjonalnej opieki, do\u015bwiadczenia i zaanga\u017cowania, zapraszam Ci\u0119 do skorzystania z naszych us\u0142ug. Razem mo\u017cemy pracowa\u0107 nad Twoim zdrowiem i sprawno\u015bci\u0105, aby\u015b m\u00f3g\u0142 cieszy\u0107 si\u0119 \u017cyciem bez ogranicze\u0144.<\/p>\n\n\n\n<div style=\"height:100px\" aria-hidden=\"true\" class=\"wp-block-spacer\"><\/div>\n<\/blockquote>\n\n\n\n<figure class=\"wp-block-image size-large\"><img loading=\"lazy\" decoding=\"async\" width=\"1024\" height=\"683\" src=\"https:\/\/gio-med.pl\/wp-content\/uploads\/2024\/05\/thumbnail_IMG_2364-1024x683.jpg\" alt=\"\" class=\"wp-image-52\" srcset=\"https:\/\/gio-med.pl\/wp-content\/uploads\/2024\/05\/thumbnail_IMG_2364-1024x683.jpg 1024w, https:\/\/gio-med.pl\/wp-content\/uploads\/2024\/05\/thumbnail_IMG_2364-300x200.jpg 300w, https:\/\/gio-med.pl\/wp-content\/uploads\/2024\/05\/thumbnail_IMG_2364-768x512.jpg 768w, https:\/\/gio-med.pl\/wp-content\/uploads\/2024\/05\/thumbnail_IMG_2364.jpg 1200w\" sizes=\"auto, (max-width: 1024px) 100vw, 1024px\" \/><\/figure>\n\n\n\n<h2 class=\"wp-block-heading\">Wsp\u00f3\u0142praca ze \u201eStowarzyszeniem na Rzecz Os\u00f3b Niepe\u0142nosprawnych Dla Ciebie\u201d<\/h2>\n\n\n\n<p>Przez ponad 25 lat mamy zaszczyt wsp\u00f3\u0142pracowa\u0107 z Stowarzyszeniem na Rzecz Os\u00f3b Niepe\u0142nosprawnych Dla Ciebie, niezawodnym partnerem w naszej misji wspierania os\u00f3b z niepe\u0142nosprawno\u015bciami. Nasza wsp\u00f3lna praca skupia si\u0119 na rehabilitacji dzieci i m\u0142odzie\u017cy, zapewniaj\u0105c pe\u0142n\u0105 opiek\u0119 oraz wsparcie od pierwszych dni \u017cycia.<\/p>\n\n\n\n<p>Nasza szczeg\u00f3lna duma le\u017cy w interwencji wczesnorozwojowej, gdzie nasza wsp\u00f3lna praca rozpoczyna si\u0119 od pierwszych chwil \u017cycia. Dzi\u0119ki specjalistycznej opiece i dedykowanej rehabilitacji ju\u017c od najm\u0142odszych lat, pomagamy dzieciom i m\u0142odzie\u017cy osi\u0105ga\u0107 swoje pe\u0142ne potencja\u0142y oraz integrowa\u0107 si\u0119 w spo\u0142ecze\u0144stwie.<\/p>\n\n\n\n<figure class=\"wp-block-image size-full\"><img loading=\"lazy\" decoding=\"async\" width=\"735\" height=\"490\" src=\"https:\/\/gio-med.pl\/wp-content\/uploads\/2024\/05\/thumbnail_IMG_2370.jpg\" alt=\"\" class=\"wp-image-112\" srcset=\"https:\/\/gio-med.pl\/wp-content\/uploads\/2024\/05\/thumbnail_IMG_2370.jpg 735w, https:\/\/gio-med.pl\/wp-content\/uploads\/2024\/05\/thumbnail_IMG_2370-300x200.jpg 300w\" sizes=\"auto, (max-width: 735px) 100vw, 735px\" \/><\/figure>\n\n\n\n<div style=\"height:100px\" aria-hidden=\"true\" class=\"wp-block-spacer\"><\/div>\n\n\n\n<blockquote class=\"wp-block-quote is-layout-flow wp-block-quote-is-layout-flow\">\n<p>W moich gabinetach znajdziesz najnowocze\u015bniejszy sprz\u0119t do fizjoterapii i zabieg\u00f3w, co gwarantuje skuteczne i komfortowe leczenie. Opr\u00f3cz profesjonalnej terapii oferuj\u0119 r\u00f3wnie\u017c doradztwo oraz wsparcie w powrocie do pe\u0142nej sprawno\u015bci i zdrowia.<\/p>\n<\/blockquote>\n\n\n\n<div style=\"height:100px\" aria-hidden=\"true\" class=\"wp-block-spacer\"><\/div>\n\n\n\n<h2 class=\"wp-block-heading\">W naszej ofercie znajdziesz m.in.<\/h2>\n\n\n\n<div class=\"wp-block-group pattern-features p-animation-move-sideways is-layout-constrained wp-container-core-group-is-layout-5986cb94 wp-block-group-is-layout-constrained\" style=\"margin-top:0;margin-bottom:var(--wp--preset--spacing--xx-large);padding-top:0;padding-right:0;padding-bottom:0;padding-left:0\">\n<div class=\"wp-block-columns is-layout-flex wp-container-core-columns-is-layout-5ba13084 wp-block-columns-is-layout-flex\" style=\"padding-top:var(--wp--preset--spacing--large);padding-bottom:var(--wp--preset--spacing--large)\">\n<div class=\"wp-block-column is-vertically-aligned-center is-layout-flow wp-block-column-is-layout-flow\" style=\"padding-top:var(--wp--preset--spacing--large);padding-right:var(--wp--preset--spacing--small);padding-bottom:var(--wp--preset--spacing--large);padding-left:var(--wp--preset--spacing--small)\">\n<h5 class=\"wp-block-heading has-text-align-center\" style=\"padding-top:var(--wp--preset--spacing--xx-small);letter-spacing:-0.04em;line-height:1.1\">Zabiegi<\/h5>\n\n\n\n<p class=\"has-text-align-center\">masa\u017c Kobido, masa\u017c tkanek g\u0142\u0119bokich, masa\u017c sportowy, masa\u017c relaksacyjny, masa\u017c ci\u0105\u017cowy<\/p>\n<\/div>\n\n\n\n<div class=\"wp-block-column is-vertically-aligned-center has-grey-background-color has-gray-background-color has-background is-layout-flow wp-block-column-is-layout-flow\" style=\"padding-top:var(--wp--preset--spacing--large);padding-right:var(--wp--preset--spacing--small);padding-bottom:var(--wp--preset--spacing--large);padding-left:var(--wp--preset--spacing--small)\">\n<h5 class=\"wp-block-heading has-text-align-center\" style=\"padding-top:var(--wp--preset--spacing--xx-small);letter-spacing:-0.03em;line-height:1.1\">Rehabilitacja<\/h5>\n\n\n\n<p class=\"has-text-align-center\">interwencja wczesnorozwojowa, terapia metod\u0105 &#8220;Wojty&#8221;, korekcja skolioz<\/p>\n<\/div>\n\n\n\n<div class=\"wp-block-column is-vertically-aligned-center is-layout-flow wp-block-column-is-layout-flow\" style=\"border-style:none;border-width:0px;padding-top:var(--wp--preset--spacing--large);padding-right:var(--wp--preset--spacing--small);padding-bottom:var(--wp--preset--spacing--large);padding-left:var(--wp--preset--spacing--small)\">\n<h5 class=\"wp-block-heading has-text-align-center\" style=\"padding-top:var(--wp--preset--spacing--xx-small);letter-spacing:-0.03em;line-height:1.1\">Fizykoterapia<\/h5>\n\n\n\n<p class=\"has-text-align-center\">Jonoforeza, ultrad\u017awi\u0119ki, krioterapia miejscowa, magnetoterapia, laser, pr\u0105dy diadynamiczne <\/p>\n<\/div>\n<\/div>\n<\/div>\n\n\n\n<div class=\"wp-block-group pattern-features p-animation-move-sideways is-layout-constrained wp-container-core-group-is-layout-5986cb94 wp-block-group-is-layout-constrained\" style=\"margin-top:0;margin-bottom:var(--wp--preset--spacing--xx-large);padding-top:0;padding-right:0;padding-bottom:0;padding-left:0\">\n<figure class=\"wp-block-image size-large is-resized\"><img loading=\"lazy\" decoding=\"async\" width=\"1024\" height=\"683\" src=\"https:\/\/gio-med.pl\/wp-content\/uploads\/2024\/05\/thumbnail_IMG_2363-1024x683.jpg\" alt=\"\" class=\"wp-image-103\" style=\"width:751px;height:auto\" srcset=\"https:\/\/gio-med.pl\/wp-content\/uploads\/2024\/05\/thumbnail_IMG_2363-1024x683.jpg 1024w, https:\/\/gio-med.pl\/wp-content\/uploads\/2024\/05\/thumbnail_IMG_2363-300x200.jpg 300w, https:\/\/gio-med.pl\/wp-content\/uploads\/2024\/05\/thumbnail_IMG_2363-768x512.jpg 768w, https:\/\/gio-med.pl\/wp-content\/uploads\/2024\/05\/thumbnail_IMG_2363.jpg 1200w\" sizes=\"auto, (max-width: 1024px) 100vw, 1024px\" \/><\/figure>\n\n\n\n<div style=\"height:100px\" aria-hidden=\"true\" class=\"wp-block-spacer\"><\/div>\n\n\n\n<div class=\"wp-block-cover alignfull wp-duotone-2253cb-ebeefc-1\" style=\"min-height:454px;aspect-ratio:unset;\"><span aria-hidden=\"true\" class=\"wp-block-cover__background has-background-dim\" style=\"background-color:#a99d9a\"><\/span><img loading=\"lazy\" decoding=\"async\" width=\"880\" height=\"586\" class=\"wp-block-cover__image-background wp-image-58\" alt=\"\" src=\"https:\/\/gio-med.pl\/wp-content\/uploads\/2024\/05\/thumbnail_IMG_2368.jpg\" data-object-fit=\"cover\" srcset=\"https:\/\/gio-med.pl\/wp-content\/uploads\/2024\/05\/thumbnail_IMG_2368.jpg 880w, https:\/\/gio-med.pl\/wp-content\/uploads\/2024\/05\/thumbnail_IMG_2368-300x200.jpg 300w, https:\/\/gio-med.pl\/wp-content\/uploads\/2024\/05\/thumbnail_IMG_2368-768x511.jpg 768w\" sizes=\"auto, (max-width: 880px) 100vw, 880px\" \/><div class=\"wp-block-cover__inner-container is-layout-flow wp-block-cover-is-layout-flow\">\n<div class=\"wp-block-group p-animation-text-transform is-layout-constrained wp-block-group-is-layout-constrained\">\n<h2 class=\"wp-block-heading has-text-align-center has-white-color has-text-color has-x-large-font-size\">Masz pytania?<\/h2>\n\n\n\n<p class=\"has-text-align-center has-white-color has-text-color\">Skontaktuj si\u0119 z nami! Z pewno\u015bci\u0105 ustalimy dogodny termin oraz plan leczenia.<\/p>\n\n\n\n<div style=\"height:100px\" aria-hidden=\"true\" class=\"wp-block-spacer\"><\/div>\n\n\n\n<h2 class=\"wp-block-heading\">Nasze gabinety:<\/h2>\n\n\n\n<p class=\"has-text-align-left\">\u25aa\ufe0e Pobiedziska Ul. Genera\u0142a Tadeusza Kutrzeby 1\/u1<br>\u25aa\ufe0e Mosina Ul. Topolowa 5<\/p>\n\n\n\n<div class=\"wp-block-buttons is-layout-flex wp-block-buttons-is-layout-flex\"><\/div>\n<\/div>\n<\/div><\/div>\n<\/div>\n\n\n\n<h6 class=\"wp-block-heading has-text-align-center p-animation-text-moveUp has-small-font-size\" style=\"font-style:normal;font-weight:600\"><\/h6>\n\n\n\n<div style=\"height:100px\" aria-hidden=\"true\" class=\"wp-block-spacer\"><\/div>\n\n\n\n<div class=\"wp-block-group pattern-testimonials is-layout-constrained wp-container-core-group-is-layout-02228c2c wp-block-group-is-layout-constrained\" style=\"margin-top:0;margin-bottom:0;padding-top:var(--wp--preset--spacing--medium);padding-right:0;padding-bottom:var(--wp--preset--spacing--large);padding-left:0\">\n<h2 class=\"wp-block-heading has-text-align-center p-animation-text-moveUp has-large-font-size\" style=\"font-style:normal;font-weight:600\">Dzi\u0119kujemy Wam za zaufanie<\/h2>\n\n\n\n<div class=\"wp-block-columns p-animation-text-moveUp is-layout-flex wp-container-core-columns-is-layout-4d6f83e8 wp-block-columns-is-layout-flex\" style=\"padding-top:var(--wp--preset--spacing--60)\">\n<div class=\"wp-block-column is-layout-flow wp-block-column-is-layout-flow\" style=\"padding-right:0\">\n<h4 class=\"wp-block-heading has-text-align-center\" style=\"padding-top:var(--wp--preset--spacing--40);font-style:normal;font-weight:600\"><\/h4>\n\n\n\n<div class=\"wp-block-group is-style-fotawp-boxshadow is-layout-constrained wp-container-core-group-is-layout-ca09131d wp-block-group-is-layout-constrained\" style=\"padding-top:var(--wp--preset--spacing--60);padding-right:var(--wp--preset--spacing--60);padding-bottom:var(--wp--preset--spacing--60);padding-left:var(--wp--preset--spacing--60)\">\n<figure class=\"wp-block-image aligncenter size-full is-resized\"><img decoding=\"async\" src=\"https:\/\/gio-med.pl\/wp-content\/themes\/prespa\/assets\/img\/patterns\/icons\/stars.svg\" alt=\"\" class=\"wp-image-726\"\/><\/figure>\n\n\n\n<p class=\"has-text-align-center has-small-font-size\" style=\"line-height:1.5\">Polecam z ca\u0142ego serca! Wkoncu po roku czasu, przespa\u0142am ca\u0142\u0105 noc bez b\u00f3lu \ud83d\ude42 Dzi\u0119kuj\u0119 \u2764\ufe0f<\/p>\n<\/div>\n<\/div>\n\n\n\n<div class=\"wp-block-column is-layout-flow wp-block-column-is-layout-flow\" style=\"padding-right:0;padding-left:0\">\n<h4 class=\"wp-block-heading has-text-align-center\" style=\"padding-top:var(--wp--preset--spacing--40);font-style:normal;font-weight:600\"><\/h4>\n\n\n\n<div class=\"wp-block-group is-style-fotawp-boxshadow is-layout-constrained wp-container-core-group-is-layout-ca09131d wp-block-group-is-layout-constrained\" style=\"padding-top:var(--wp--preset--spacing--60);padding-right:var(--wp--preset--spacing--60);padding-bottom:var(--wp--preset--spacing--60);padding-left:var(--wp--preset--spacing--60)\">\n<figure class=\"wp-block-image aligncenter size-full is-resized\"><img decoding=\"async\" src=\"https:\/\/gio-med.pl\/wp-content\/themes\/prespa\/assets\/img\/patterns\/icons\/stars.svg\" alt=\"\" class=\"wp-image-726\"\/><\/figure>\n\n\n\n<p class=\"has-text-align-center has-small-font-size\" style=\"line-height:1.5\">Polecam z ca\u0142ego serducha! Fach w r\u0119kach \ud83d\ude09 lepiej chyba nie mo\u017cna trafi\u0107<\/p>\n<\/div>\n<\/div>\n\n\n\n<div class=\"wp-block-column is-layout-flow wp-block-column-is-layout-flow\" style=\"padding-left:0\">\n<h4 class=\"wp-block-heading has-text-align-center\" style=\"padding-top:var(--wp--preset--spacing--40);font-style:normal;font-weight:600\"><\/h4>\n\n\n\n<div class=\"wp-block-group is-style-fotawp-boxshadow is-layout-constrained wp-container-core-group-is-layout-ca09131d wp-block-group-is-layout-constrained\" style=\"padding-top:var(--wp--preset--spacing--60);padding-right:var(--wp--preset--spacing--60);padding-bottom:var(--wp--preset--spacing--60);padding-left:var(--wp--preset--spacing--60)\">\n<figure class=\"wp-block-image aligncenter size-full is-resized\"><img decoding=\"async\" src=\"https:\/\/gio-med.pl\/wp-content\/themes\/prespa\/assets\/img\/patterns\/icons\/stars.svg\" alt=\"\" class=\"wp-image-726\"\/><\/figure>\n\n\n\n<p class=\"has-text-align-center has-small-font-size\" style=\"line-height:1.5\">Jezeli chodzi o urazy mi\u0119\u015bniowe, zapalenia, przykurcze i naderwania zawsze wychodzi\u0142em z gabinetu z rozwi\u0105zanym problemem 5\/5<\/p>\n<\/div>\n<\/div>\n<\/div>\n<\/div>\n\n\n\n<div style=\"height:0px\" aria-hidden=\"true\" class=\"wp-block-spacer\"><\/div>\n\n\n\n<div style=\"height:100px\" aria-hidden=\"true\" class=\"wp-block-spacer\"><\/div>\n\n\n\n<p><\/p>\n\n\n\n<div class=\"wp-block-group alignfull has-contrast-color has-text-color is-vertical is-content-justification-center is-layout-flex wp-container-core-group-is-layout-f306f087 wp-block-group-is-layout-flex\" style=\"min-height:40vh;margin-top:0;margin-bottom:0;padding-top:var(--wp--preset--spacing--60);padding-right:var(--wp--preset--spacing--50);padding-bottom:var(--wp--preset--spacing--60);padding-left:var(--wp--preset--spacing--50)\"><div style=\"margin-bottom:6px;\" class=\"aligncenter wp-block-site-logo\"><a href=\"https:\/\/gio-med.pl\/\" class=\"custom-logo-link light-mode-logo\" rel=\"home\"><img loading=\"lazy\" decoding=\"async\" width=\"145\" height=\"28\" src=\"https:\/\/gio-med.pl\/wp-content\/uploads\/2024\/05\/cropped-Gio-med_logo.png\" class=\"custom-logo\" alt=\"\" srcset=\"https:\/\/gio-med.pl\/wp-content\/uploads\/2024\/05\/cropped-Gio-med_logo.png 1771w, https:\/\/gio-med.pl\/wp-content\/uploads\/2024\/05\/cropped-Gio-med_logo-300x59.png 300w, https:\/\/gio-med.pl\/wp-content\/uploads\/2024\/05\/cropped-Gio-med_logo-1024x203.png 1024w, https:\/\/gio-med.pl\/wp-content\/uploads\/2024\/05\/cropped-Gio-med_logo-768x152.png 768w, https:\/\/gio-med.pl\/wp-content\/uploads\/2024\/05\/cropped-Gio-med_logo-1536x304.png 1536w\" sizes=\"auto, (max-width: 145px) 100vw, 145px\" \/><\/a><\/div>\n\n\n<p class=\"has-text-align-center has-medium-font-size\">Proudly powered by M-ITSERVICE<\/p>\n\n\n\n<p><\/p>\n\n\n\n<ul class=\"wp-block-social-links has-normal-icon-size is-style-logos-only is-nowrap is-layout-flex wp-container-core-social-links-is-layout-65900438 wp-block-social-links-is-layout-flex\"><li class=\"wp-social-link wp-social-link-facebook  wp-block-social-link\"><a href=\"https:\/\/www.facebook.com\/p\/Gio-Med-Rehabilitacja-Fizykoterapia-100057264947549\/?locale=pl_PL\" class=\"wp-block-social-link-anchor\"><svg width=\"24\" height=\"24\" viewBox=\"0 0 24 24\" version=\"1.1\" xmlns=\"http:\/\/www.w3.org\/2000\/svg\" aria-hidden=\"true\" focusable=\"false\"><path d=\"M12 2C6.5 2 2 6.5 2 12c0 5 3.7 9.1 8.4 9.9v-7H7.9V12h2.5V9.8c0-2.5 1.5-3.9 3.8-3.9 1.1 0 2.2.2 2.2.2v2.5h-1.3c-1.2 0-1.6.8-1.6 1.6V12h2.8l-.4 2.9h-2.3v7C18.3 21.1 22 17 22 12c0-5.5-4.5-10-10-10z\"><\/path><\/svg><span class=\"wp-block-social-link-label screen-reader-text\">Facebook<\/span><\/a><\/li>\n\n\n\n<\/ul>\n<\/div>\n\n\n\n<p><\/p>\n","protected":false},"excerpt":{"rendered":"<p>Wsp\u00f3\u0142praca ze \u201eStowarzyszeniem na Rzecz Os\u00f3b Niepe\u0142nosprawnych Dla Ciebie\u201d Przez ponad 25 lat mamy zaszczyt&hellip;<\/p>\n","protected":false},"author":1,"featured_media":0,"parent":0,"menu_order":0,"comment_status":"closed","ping_status":"closed","template":"","meta":{"footnotes":""},"class_list":["post-76","page","type-page","status-publish","hentry"],"_links":{"self":[{"href":"https:\/\/gio-med.pl\/index.php?rest_route=\/wp\/v2\/pages\/76","targetHints":{"allow":["GET"]}}],"collection":[{"href":"https:\/\/gio-med.pl\/index.php?rest_route=\/wp\/v2\/pages"}],"about":[{"href":"https:\/\/gio-med.pl\/index.php?rest_route=\/wp\/v2\/types\/page"}],"author":[{"embeddable":true,"href":"https:\/\/gio-med.pl\/index.php?rest_route=\/wp\/v2\/users\/1"}],"replies":[{"embeddable":true,"href":"https:\/\/gio-med.pl\/index.php?rest_route=%2Fwp%2Fv2%2Fcomments&post=76"}],"version-history":[{"count":83,"href":"https:\/\/gio-med.pl\/index.php?rest_route=\/wp\/v2\/pages\/76\/revisions"}],"predecessor-version":[{"id":255,"href":"https:\/\/gio-med.pl\/index.php?rest_route=\/wp\/v2\/pages\/76\/revisions\/255"}],"wp:attachment":[{"href":"https:\/\/gio-med.pl\/index.php?rest_route=%2Fwp%2Fv2%2Fmedia&parent=76"}],"curies":[{"name":"wp","href":"https:\/\/api.w.org\/{rel}","templated":true}]}}